{"id":52,"date":"2024-02-26T09:38:40","date_gmt":"2024-02-26T08:38:40","guid":{"rendered":"https:\/\/gt-dynprob.aau.dk\/?page_id=52"},"modified":"2024-04-02T10:16:33","modified_gmt":"2024-04-02T09:16:33","slug":"conference","status":"publish","type":"page","link":"https:\/\/gt-dynprob.aau.dk\/?page_id=52","title":{"rendered":"Conference"},"content":{"rendered":"\n<h2 class=\"wp-block-heading\"><font color=\"#000000\"><font face=\"Calibri, serif\"><span lang=\"en-US\"><b>Social studies of energy and the making and unmaking of energy resources<\/b><\/span><\/font><\/font><\/h2>\n\n\n\n<p><strong>Date: <\/strong>October 30<sup>th<\/sup> and 31<sup>st<\/sup> 2024, welcoming reception October 29<sup>th<\/sup><\/p>\n\n\n\n<p><strong>Venue: <\/strong>National Museum of Denmark, Copenhagen<\/p>\n\n\n\n<p><strong>Submission: <\/strong>abstracts max. 300 words, March 31<sup>st<\/sup>, notification of acceptance April 15<sup>th<\/sup>, full papers October 1<sup>st<\/sup> . For abstract submission and queries please write to Ask Greve Johansen agj@plan.aau.dk.<\/p>\n\n\n\n<p><strong>Keynote speakers:<\/strong><\/p>\n\n\n\n<ul class=\"wp-block-list\">\n<li>Kristin Asdal, Professor, TIK Centre for Technology, Innovation and Culture, University of Oslo<\/li>\n\n\n\n<li>Gavin Bridge, Professor, Department of Geography, Durham University<\/li>\n\n\n\n<li>Gisa Weszkalnys, Associate Professor, Department of Anthropology, The London School of Economics and Political Science<\/li>\n<\/ul>\n\n\n\n<p><strong>Organizing committee: <\/strong>Peter Karn\u00f8e (Professor, Department of Sustainability and Planning, Aalborg University), Jens Iuel-Stissing (Associate Professor, Department of Sustainability and Planning, Aalborg University), Ask Greve Johansen (Postdoc, Department of Sustainability and Planning, Aalborg University), Jos\u00e9 Ossand\u00f3n (Associate Professor, Department of Organization, Copenhagen Business School).<\/p>\n\n\n\n<p><strong>Fees: <\/strong>the conference (and conference dinner) will be free of charge for participants, but participants must cover their accommodation and traveling expenses.<\/p>\n\n\n\n<p><strong>Funding: <\/strong>this conference is conducted and financed in the context of the study \u201cGreen transition through dynamics of problematizations: How forms of expertise influence the financial and social valuation of energy resources in Denmark\u201d funded by the Independent Research Fund, Denmark. Research team: Peter Karn\u00f8e (PI, Aalborg University), Susse Georg (Aalborg University), Ask Greve Johansen (Aalborg University), Peter Holm Jacobsen (Copenhagen Business School), Julia Kirch Kirkegaard (Technical University of Denmark), Troels Krarup (Aalborg University), Jos\u00e9 Ossand\u00f3n (Copenhagen Business School), Trine Pallesen (Copenhagen Business School), Inge R\u00f8pke (Aalborg University), Jens Iuel-Stissing (Aalborg University), Emil Urhammer (Aalborg University).<\/p>\n\n\n\n<p><strong>Call for papers. Social studies of energy and the making and unmaking of energy resources<\/strong><\/p>\n\n\n\n<p>With the risk of climate catastrophe, energy has rightly become one of the most crucial global matters of collective concern. This, of course, has provoked vast amounts of research, not least from the growing body of literature known as social studies of energy.<\/p>\n\n\n\n<p>Social studies of energy have, in the past, rehearsed diverse analytical angles and empirical objects from where to anchor their research (Arizt\u00eda et al 2017): some have focused on large infrastructures and socio-technical systems (i.e. Hughes 1983), others on the government of transition pathways (i.e. Verbong &amp; Geels 2007), socio-environmental controversies (e.g. McAdam et al 2010), or practices (i.e. Shove &amp; Walker 2014).<\/p>\n\n\n\n<p>This main aim of this conference is to gather researchers that take the <em>energy resource <\/em>as their focal point. Energy resources have certainly already received significant attention. Work by Bridge and colleagues (Bakker &amp; Bridge 2006, Bridge 2011, Bridge 2014, Kama 2020, Kama &amp; Kuchler 2019, Kuchler &amp; Bridge 2018, Kuchler &amp; Bridge 2023) have productively connected a long-standing interest in resources from within geography with more recent discussions on materiality and ontological politics in STS and humanities more widely (Asdal &amp; Huse 2023, Mitchell 2011). More recent work by STS and valuation studies scholars (for instance the series of studies from France collected by Labussi\u00e8re &amp; Nada\u00ef 2018) and studies developed by anthropologists (Richardson &amp; Weszkalnys 2014, Weszkalnys 2011, Weszkalnys 2016) have pursued a similar interest. What these bodies of literature demonstrate is the need to pay more attention to the <em>making and unmaking of energy resources<\/em>: to understand how particular materials are made energy commodities, their various forms of economization, assetization, and greening, and the vast array of devices, modes of expertise, materials, stakeholders, social movements, and practices that participate in those processes.<\/p>\n\n\n\n<p>What we expect to achieve with this conference is twofold: to consolidate a dialogue between the different strands of energy resources studies, and, perhaps more importantly, to generate an empirical research agenda where the increasing variety of energy resources can be seen comparatively. We hope that by bringing together rich case studies from various parts of the world as well as various forms of energy resources, we will be able to generate better conceptualizations of <em>the energy resource <\/em>as a particular object of inquiry, and provide a different, and hopefully, useful, form of approaching the study of energy transitions and the making of more ecologically balanced economies.<\/p>\n\n\n\n<p>We invite researchers coming from anthropology, geography, science and technology studies, sociology and related disciplines working on energy resources. We welcome submissions covering issues such as:<\/p>\n\n\n\n<ul class=\"wp-block-list\">\n<li>Ethnographic or historical single case studies of energy resources and their various forms of economization<\/li>\n\n\n\n<li>Studies of the various modes of expertise and technical and economic problematizations informing policies of energy resources<\/li>\n\n\n\n<li>Studies that conceptualize the energy resource and their particular ontology<\/li>\n\n\n\n<li>Studies that compare the making and unmaking of non-renewable and renewable energy resources<\/li>\n\n\n\n<li>Studies that discuss the status of \u201ccarriers\u201d like green hydrogen or properties such as \u201cflexibility and demand response\u201d vis-\u00e0-vis resources<\/li>\n\n\n\n<li>Studies of controversies regarding energy resources<\/li>\n\n\n\n<li>Studies of marginalized resources and forms of expertise<\/li>\n<\/ul>\n\n\n\n<p><strong>References<\/strong><\/p>\n\n\n\n<p>Arizt\u00eda, T. et al (2017), Sociolog\u00edas de la energ\u00eda. Hacia una agenda de investigaci\u00f3n, <em>Revista Internacional de Sociolog\u00eda<\/em>, Vol. 75, Issue 1, e074-e074.<\/p>\n\n\n\n<p>Asdal, K., &amp; Huse, T. (2023). <em>Nature-Made Economy: Cod, Capital, and the Great Economization of the Ocean<\/em>. MIT Press.<\/p>\n\n\n\n<p>Bakker, K. &amp; Bridge, G. (2006), Material worlds? Resource geographies and the `matter of nature&#8217;, <em>Progress in Human Geography<\/em>, Vol. 30, Issue 1, 5-27.<\/p>\n\n\n\n<p>Bridge, G. (2011), Resource geographies 1: Making carbon economies, old and new, <em>Progress in Human Geography<\/em>, Vol. 35, Issue 6, 820-834.<\/p>\n\n\n\n<p>Bridge, G. (2014), Resource geographies II: The resource-state nexus, <em>Progress in Human Geography<\/em>, Vol. 38, Issue 1, 118-130.<\/p>\n\n\n\n<p>Hughes, T. (1983), <em>Networks of Power \u2013 Electrification in Western Society, 1880-1930<\/em>, John Hopkins University Press.<\/p>\n\n\n\n<p>Kama, K. (2020). Resource-making controversies: Knowledge, anticipatory politics and economization of unconventional fossil fuels. <em>Progress in Human Geography<\/em>, Vol. 44, Issue 2, 333\u2013356.<\/p>\n\n\n\n<p>Kama, K., &amp; Kuchler, M. (2019), Geo-Metrics and Geo-Politics: Controversies in Estimating European Shale Gas Resources. In: Bobbette, A., &amp; Donovan, A. (Eds), <em>Political Geology<\/em>. Cambridge: Palgrave Macmillan, pp. 105\u2013145.<\/p>\n\n\n\n<p>Kuchler, M., &amp; Bridge, G. (2018), Down the black hole: Sustaining national sociotechnical imaginaries of coal in Poland, <em>Energy Research &amp; Social Science<\/em>, Vol. 41, 136\u2013147.<\/p>\n\n\n\n<p>Kuchler, M. and Bridge, G. (2023), Speculating on shale: Resource-making and the \u2018politics of possibility\u2019 in<\/p>\n\n\n\n<p>Poland and the UK, <em>Political Geography<\/em>, 107, 102978.<\/p>\n\n\n\n<p>McAdam et al (2010), \u201cSite Fights\u201d: Explaining Opposition to Pipeline Projects in the Developing World, <em>Sociological Forum<\/em>, Vol.25, Issue 3, 401-427.<\/p>\n\n\n\n<p>Mitchell, T. (2011), <em>Carbon Democracy \u2013 Political Power in the Age of Oil<\/em>, Verso.<\/p>\n\n\n\n<p>Labussi\u00e8re, O. &amp; Nada\u00ef, A. Eds. (2018), <em>Energy Transitions. A Socio-technical Inquiry<\/em>, Palgrave Macmillan.<\/p>\n\n\n\n<p>Richardson, T., and Weszkalnys, G. (2014), Introduction: Resource Materialities, <em>Anthropological Quarterly<\/em>, Vol. 87, Issue 1, 5-30.<\/p>\n\n\n\n<p>Shove, E. &amp; Walker (2014), What Is Energy For? Social Practice and Energy Demand, <em>Theory, Culture and Society<\/em>, Vol. 31, Issue 5, 41-58.<\/p>\n\n\n\n<p>Verbong &amp; Geels (2007), The ongoing energy transition: Lessons from a socio-technical, multi-level analysis of the Dutch electricity system (1960-2004), <em>Energy Policy<\/em>, Vol. 35, Issue 2, 1025-1037.<\/p>\n\n\n\n<p>Weszkalnys, G. (2011), Cursed resources, or articulations of economic theory in the Gulf of Guinea, <em>Economy and Society<\/em>, Vol. 40, Issue 3, 345-372.<\/p>\n\n\n\n<p>Weszkalnys, G. (2016), A doubtful hope: resource affect in a future oil economy, <em>Journal of the Royal Anthropological Institute<\/em>, Vol. 2, Issue 1, 127-146.<\/p>\n","protected":false},"excerpt":{"rendered":"<p>Social studies of energy and the making and unmaking of energy resources Date: October 30th and 31st 2024, welcoming reception October 29th Venue: National Museum of Denmark, Copenhagen Submission: abstracts max. 300 words, March 31st, notification of acceptance April 15th, full papers October 1st . For abstract submission and queries please write to Ask Greve&hellip; <a class=\"more-link\" href=\"https:\/\/gt-dynprob.aau.dk\/?page_id=52\">Continue reading <span class=\"screen-reader-text\">Conference<\/span><\/a><\/p>\n","protected":false},"author":3,"featured_media":0,"parent":0,"menu_order":2,"comment_status":"closed","ping_status":"closed","template":"","meta":{"footnotes":""},"class_list":["post-52","page","type-page","status-publish","hentry","entry"],"_links":{"self":[{"href":"https:\/\/gt-dynprob.aau.dk\/index.php?rest_route=\/wp\/v2\/pages\/52","targetHints":{"allow":["GET"]}}],"collection":[{"href":"https:\/\/gt-dynprob.aau.dk\/index.php?rest_route=\/wp\/v2\/pages"}],"about":[{"href":"https:\/\/gt-dynprob.aau.dk\/index.php?rest_route=\/wp\/v2\/types\/page"}],"author":[{"embeddable":true,"href":"https:\/\/gt-dynprob.aau.dk\/index.php?rest_route=\/wp\/v2\/users\/3"}],"replies":[{"embeddable":true,"href":"https:\/\/gt-dynprob.aau.dk\/index.php?rest_route=%2Fwp%2Fv2%2Fcomments&post=52"}],"version-history":[{"count":4,"href":"https:\/\/gt-dynprob.aau.dk\/index.php?rest_route=\/wp\/v2\/pages\/52\/revisions"}],"predecessor-version":[{"id":58,"href":"https:\/\/gt-dynprob.aau.dk\/index.php?rest_route=\/wp\/v2\/pages\/52\/revisions\/58"}],"wp:attachment":[{"href":"https:\/\/gt-dynprob.aau.dk\/index.php?rest_route=%2Fwp%2Fv2%2Fmedia&parent=52"}],"curies":[{"name":"wp","href":"https:\/\/api.w.org\/{rel}","templated":true}]}}